{"id":639,"date":"2026-01-26T11:32:37","date_gmt":"2026-01-26T10:32:37","guid":{"rendered":"https:\/\/artemisabeauty.es\/?page_id=639"},"modified":"2026-01-26T11:54:12","modified_gmt":"2026-01-26T10:54:12","slug":"politica-de-privacidad","status":"publish","type":"page","link":"https:\/\/artemisabeauty.es\/en\/politica-de-privacidad\/","title":{"rendered":"Privacy policy"},"content":{"rendered":"<div data-elementor-type=\"wp-page\" data-elementor-id=\"639\" class=\"elementor elementor-639\">\n\t\t\t\t<div class=\"elementor-element elementor-element-f7bbb75 e-flex e-con-boxed e-con e-parent\" data-id=\"f7bbb75\" data-element_type=\"container\" data-e-type=\"container\">\n\t\t\t\t\t<div class=\"e-con-inner\">\n\t\t<div class=\"elementor-element elementor-element-22f8c1a e-con-full e-flex e-con e-child\" data-id=\"22f8c1a\" data-element_type=\"container\" data-e-type=\"container\">\n\t\t\t\t<div class=\"elementor-element elementor-element-e21ac61 elementor-widget elementor-widget-heading\" data-id=\"e21ac61\" data-element_type=\"widget\" data-e-type=\"widget\" data-widget_type=\"heading.default\">\n\t\t\t\t<div class=\"elementor-widget-container\">\n\t\t\t\t\t<h4 class=\"elementor-heading-title elementor-size-default\">Processing and Protection of Personal Data<\/h4>\t\t\t\t<\/div>\n\t\t\t\t<\/div>\n\t\t\t\t<div class=\"elementor-element elementor-element-4e2a926 elementor-widget elementor-widget-text-editor\" data-id=\"4e2a926\" data-element_type=\"widget\" data-e-type=\"widget\" data-widget_type=\"text-editor.default\">\n\t\t\t\t<div class=\"elementor-widget-container\">\n\t\t\t\t\t\t\t\t\t<h5>1. General information<\/h5><p class=\"translation-block\">This <strong>Privacy Policy<\/strong> governs the processing of the personal data of users of the website <strong>artemisabeauty.es<\/strong> (hereinafter, the \u201cWebsite\u201d), in accordance with the provisions set forth in:<\/p><ul><li class=\"translation-block\"><strong>Regulation (EU) 2016\/679<\/strong> of 27 April, General Data Protection Regulation (GDPR),<\/li><li>la <strong>Organic Law 3\/2018<\/strong>of 5 December, on the Protection of Personal Data and Guarantee of Digital Rights (LOPDGDD).<\/li><\/ul>\t\t\t\t\t\t\t\t<\/div>\n\t\t\t\t<\/div>\n\t\t\t\t<div class=\"elementor-element elementor-element-5a77a16 elementor-widget elementor-widget-text-editor\" data-id=\"5a77a16\" data-element_type=\"widget\" data-e-type=\"widget\" data-widget_type=\"text-editor.default\">\n\t\t\t\t<div class=\"elementor-widget-container\">\n\t\t\t\t\t\t\t\t\t<h5>2. Data Controller<\/h5>\n<strong>Data controller:<\/strong> Inversiones Artemisa S.L.\n<strong>E-mail:<\/strong> info@artemisabeauty.es\n\nHereinafter, <strong>the Controller<\/strong>.\t\t\t\t\t\t\t\t<\/div>\n\t\t\t\t<\/div>\n\t\t\t\t<div class=\"elementor-element elementor-element-775a01d elementor-widget elementor-widget-text-editor\" data-id=\"775a01d\" data-element_type=\"widget\" data-e-type=\"widget\" data-widget_type=\"text-editor.default\">\n\t\t\t\t<div class=\"elementor-widget-container\">\n\t\t\t\t\t\t\t\t\t<h5>3. Personal Data Processed<\/h5>\nWithin the framework of a <strong>non-transactional corporate website<\/strong>, the Controller may process the following categories of personal data:`\n<ul>\n \t<li>Identification data: first and last name<\/li>\n \t<li>Contact data: email address, phone number<\/li>\n \t<li>Browsing data: IP address, cookie identifiers, browser type, device, pages visited, browsing time<\/li>\n \t<li>Information voluntarily provided through contact forms or direct communications<\/li>\n<\/ul>\nNot processed <strong>special categories of personal data<\/strong> (health, ideology, religion, sexual orientation, etc.).\t\t\t\t\t\t\t\t<\/div>\n\t\t\t\t<\/div>\n\t\t\t\t<div class=\"elementor-element elementor-element-8f63053 elementor-widget elementor-widget-text-editor\" data-id=\"8f63053\" data-element_type=\"widget\" data-e-type=\"widget\" data-widget_type=\"text-editor.default\">\n\t\t\t\t<div class=\"elementor-widget-container\">\n\t\t\t\t\t\t\t\t\t<h5>4. Purposes of Processing<\/h5><p>Personal data will be processed for the following purposes:<\/p><ul><li>To address inquiries, requests, or communications received through the Website<\/li><li>To manage institutional, corporate, or professional contact relationships<\/li><li>To send informative communications related to the brand, when consent has been given<\/li><li>To analyze the use of the Website for statistical purposes and to improve the user experience<\/li><li>To ensure the security and proper functioning of the Website<\/li><li>To comply with applicable legal obligations<\/li><\/ul>\t\t\t\t\t\t\t\t<\/div>\n\t\t\t\t<\/div>\n\t\t\t\t<div class=\"elementor-element elementor-element-67cde4c elementor-widget elementor-widget-text-editor\" data-id=\"67cde4c\" data-element_type=\"widget\" data-e-type=\"widget\" data-widget_type=\"text-editor.default\">\n\t\t\t\t<div class=\"elementor-widget-container\">\n\t\t\t\t\t\t\t\t\t<h5>5. Legal Basis for Processing<\/h5><p>The processing of personal data is based on:<\/p><ul><li>The <strong>consentment<\/strong> of the user, given by submitting forms or contacting the Controller,<\/li><li>The <strong>legitimate interest<\/strong> of the Controller in managing its corporate communication and digital presence,<\/li><li>The <strong>compliance with legal obligations<\/strong><\/li><\/ul>\t\t\t\t\t\t\t\t<\/div>\n\t\t\t\t<\/div>\n\t\t\t\t<div class=\"elementor-element elementor-element-6a15686 elementor-widget elementor-widget-text-editor\" data-id=\"6a15686\" data-element_type=\"widget\" data-e-type=\"widget\" data-widget_type=\"text-editor.default\">\n\t\t\t\t<div class=\"elementor-widget-container\">\n\t\t\t\t\t\t\t\t\t<h5>6. Data Retention<\/h5><p>Personal data will be retained only for as long as necessary to fulfill the purpose for which it was collected and, where applicable, for the periods required by the applicable regulations.<\/p><p>Once these periods have ended, the data will be securely deleted or anonymized.<\/p>\t\t\t\t\t\t\t\t<\/div>\n\t\t\t\t<\/div>\n\t\t\t\t<div class=\"elementor-element elementor-element-acf29e0 elementor-widget elementor-widget-text-editor\" data-id=\"acf29e0\" data-element_type=\"widget\" data-e-type=\"widget\" data-widget_type=\"text-editor.default\">\n\t\t\t\t<div class=\"elementor-widget-container\">\n\t\t\t\t\t\t\t\t\t<h5>7. Recipients of the data<\/h5><p>Personal data may only be disclosed to:<\/p><ul><li>technology service providers, web hosting, maintenance or analytics, acting as <strong>data processors<\/strong>,<\/li><li>public authorities, when there is a legal obligation.<\/li><\/ul><p>No international data transfers are carried out <strong>transferencias internacionales de datos<\/strong> outside the European Economic Area. If they become necessary in the future, the safeguards required by the GDPR will be adopted.<\/p>\t\t\t\t\t\t\t\t<\/div>\n\t\t\t\t<\/div>\n\t\t\t\t<div class=\"elementor-element elementor-element-b05fabd elementor-widget elementor-widget-text-editor\" data-id=\"b05fabd\" data-element_type=\"widget\" data-e-type=\"widget\" data-widget_type=\"text-editor.default\">\n\t\t\t\t<div class=\"elementor-widget-container\">\n\t\t\t\t\t\t\t\t\t<h5>8. Rights of users<\/h5><p>The user may exercise the following rights at any time:<\/p><ul><li class=\"translation-block\"><strong>Access<\/strong> to their personal data<\/li><li class=\"translation-block\"><strong>Correction<\/strong> of inaccurate data<\/li><li class=\"translation-block\"><strong>Deletion<\/strong> of data when it is no longer necessary<\/li><li class=\"translation-block\"><strong>Restriction<\/strong> of processing<\/li><li class=\"translation-block\"><strong>Objection<\/strong> to processing<\/li><li class=\"translation-block\"><strong>Data portability<\/strong><\/li><li class=\"translation-block\"><strong>Withdrawal of the consent<\/strong> granted<\/li><\/ul><p>To exercise these rights, you may submit a request to:<br \/>\u00a0<strong>info@artemisabeauty.es<\/strong><\/p><p>The user also has the right to file a complaint with the <strong>Spanish Data Protection Agency (AEPD)<\/strong>.<\/p>\t\t\t\t\t\t\t\t<\/div>\n\t\t\t\t<\/div>\n\t\t\t\t<div class=\"elementor-element elementor-element-602f3b5 elementor-widget elementor-widget-text-editor\" data-id=\"602f3b5\" data-element_type=\"widget\" data-e-type=\"widget\" data-widget_type=\"text-editor.default\">\n\t\t\t\t<div class=\"elementor-widget-container\">\n\t\t\t\t\t\t\t\t\t<h5>9. Security measures<\/h5><p>The Controller implements the necessary technical and organizational measures to ensure the security, confidentiality, and integrity of personal data, preventing loss, alteration, or unauthorized access.<\/p>\t\t\t\t\t\t\t\t<\/div>\n\t\t\t\t<\/div>\n\t\t\t\t<div class=\"elementor-element elementor-element-f8acaef elementor-widget elementor-widget-text-editor\" data-id=\"f8acaef\" data-element_type=\"widget\" data-e-type=\"widget\" data-widget_type=\"text-editor.default\">\n\t\t\t\t<div class=\"elementor-widget-container\">\n\t\t\t\t\t\t\t\t\t<h5>10. Cookies<\/h5><p class=\"translation-block\">The Website uses technical cookies and, where applicable, analytical cookies. Detailed information is available in the <strong>Cookie Policy<\/strong>, accessible from the Website itself.<\/p>\t\t\t\t\t\t\t\t<\/div>\n\t\t\t\t<\/div>\n\t\t\t\t<div class=\"elementor-element elementor-element-610dc68 elementor-widget elementor-widget-text-editor\" data-id=\"610dc68\" data-element_type=\"widget\" data-e-type=\"widget\" data-widget_type=\"text-editor.default\">\n\t\t\t\t<div class=\"elementor-widget-container\">\n\t\t\t\t\t\t\t\t\t<h5>11. Changes to the Privacy Policy<\/h5><p class=\"translation-block\">The Controller reserves the right to modify this Policy to adapt it to regulatory changes or the evolution of the Website. The current version will always be available at <strong>artemisabeauty.es<\/strong>.<\/p>\t\t\t\t\t\t\t\t<\/div>\n\t\t\t\t<\/div>\n\t\t\t\t<div class=\"elementor-element elementor-element-fee75b8 elementor-widget elementor-widget-text-editor\" data-id=\"fee75b8\" data-element_type=\"widget\" data-e-type=\"widget\" data-widget_type=\"text-editor.default\">\n\t\t\t\t<div class=\"elementor-widget-container\">\n\t\t\t\t\t\t\t\t\t<h5>12. Contact<\/h5><p>For any questions related to this Privacy Policy, you can contact:<br \/>\u00a0<strong>info@artemisabeauty.es<\/strong><\/p>\t\t\t\t\t\t\t\t<\/div>\n\t\t\t\t<\/div>\n\t\t\t\t<\/div>\n\t\t\t\t\t<\/div>\n\t\t\t\t<\/div>\n\t\t\t\t<\/div>","protected":false},"excerpt":{"rendered":"<p>Tratamiento y Protecci\u00f3n de Datos Personales 1. Informaci\u00f3n general La presente Pol\u00edtica de Privacidad regula el tratamiento de los datos personales de los usuarios del sitio web artemisabeauty.es (en adelante, el \u201cSitio Web\u201d), de conformidad con lo dispuesto en: el Reglamento (UE) 2016\/679, de 27 de abril, General de Protecci\u00f3n de Datos (RGPD), la Ley&hellip; <a class=\"more-link\" href=\"https:\/\/artemisabeauty.es\/en\/politica-de-privacidad\/\">Continue reading <span class=\"screen-reader-text\">Privacy policy<\/span><\/a><\/p>","protected":false},"author":1,"featured_media":0,"parent":0,"menu_order":0,"comment_status":"closed","ping_status":"closed","template":"","meta":{"footnotes":""},"class_list":["post-639","page","type-page","status-publish","hentry","entry"],"jetpack_sharing_enabled":true,"_links":{"self":[{"href":"https:\/\/artemisabeauty.es\/en\/wp-json\/wp\/v2\/pages\/639","targetHints":{"allow":["GET"]}}],"collection":[{"href":"https:\/\/artemisabeauty.es\/en\/wp-json\/wp\/v2\/pages"}],"about":[{"href":"https:\/\/artemisabeauty.es\/en\/wp-json\/wp\/v2\/types\/page"}],"author":[{"embeddable":true,"href":"https:\/\/artemisabeauty.es\/en\/wp-json\/wp\/v2\/users\/1"}],"replies":[{"embeddable":true,"href":"https:\/\/artemisabeauty.es\/en\/wp-json\/wp\/v2\/comments?post=639"}],"version-history":[{"count":5,"href":"https:\/\/artemisabeauty.es\/en\/wp-json\/wp\/v2\/pages\/639\/revisions"}],"predecessor-version":[{"id":790,"href":"https:\/\/artemisabeauty.es\/en\/wp-json\/wp\/v2\/pages\/639\/revisions\/790"}],"wp:attachment":[{"href":"https:\/\/artemisabeauty.es\/en\/wp-json\/wp\/v2\/media?parent=639"}],"curies":[{"name":"wp","href":"https:\/\/api.w.org\/{rel}","templated":true}]}}